{"id":10,"date":"2022-06-07T11:31:52","date_gmt":"2022-06-07T09:31:52","guid":{"rendered":"http:\/\/www.physiopraxis-ingegeel.ch\/site\/?page_id=10"},"modified":"2023-07-07T18:52:50","modified_gmt":"2023-07-07T16:52:50","slug":"home","status":"publish","type":"page","link":"https:\/\/www.physiopraxis-ingegeel.ch\/site\/","title":{"rendered":"Home"},"content":{"rendered":"\n<div class=\"wp-block-cover alignfull is-light has-parallax\" style=\"min-height:800px;aspect-ratio:unset;\"><span aria-hidden=\"true\" class=\"wp-block-cover__background has-background-dim-20 has-background-dim\"><\/span><div role=\"img\" class=\"wp-block-cover__image-background wp-image-72 has-parallax\" style=\"background-position:50% 50%;background-image:url(https:\/\/www.physiopraxis-ingegeel.ch\/site\/wp-content\/uploads\/2022\/06\/DSC00125-scaled.jpg)\"><\/div><div class=\"wp-block-cover__inner-container is-layout-flow wp-block-cover-is-layout-flow\">\n<p class=\"has-text-align-center has-large-font-size\"><\/p>\n<\/div><\/div>\n\n\n\n<div class=\"wp-block-group alignfull has-tertiary-background-color has-background is-layout-flow wp-block-group-is-layout-flow\">\n<div class=\"wp-block-columns alignwide is-layout-flex wp-container-core-columns-is-layout-28f84493 wp-block-columns-is-layout-flex\">\n<div class=\"wp-block-column is-layout-flow wp-block-column-is-layout-flow\">\n<div style=\"height:100px\" aria-hidden=\"true\" class=\"wp-block-spacer\"><\/div>\n\n\n\n<p class=\"has-text-color\" style=\"color:#008fcc;font-size:5vw;line-height:1.1\"><strong>Dies ist meine Passion.<\/strong><\/p>\n\n\n\n<div style=\"height:5px\" aria-hidden=\"true\" class=\"wp-block-spacer\"><\/div>\n<\/div>\n<\/div>\n\n\n\n<div class=\"wp-block-columns alignwide is-layout-flex wp-container-core-columns-is-layout-28f84493 wp-block-columns-is-layout-flex\">\n<div class=\"wp-block-column is-layout-flow wp-block-column-is-layout-flow\" style=\"flex-basis:33.38%\">\n<p>Gerne unterst\u00fctze ich Sie bei der Behandlung von Lymph\u00f6deme, Narben, bei Funktionsst\u00f6rungen am Bewegungsapparat, sowohl pr\u00e4- wie auch postoperativ, und bei chronischen Beschwerden.<\/p>\n\n\n\n<p>Mit meiner langj\u00e4hrigen Erfahrung und fachlicher Kompetenz in Faszien Techniken, Narbentherapie, manueller Mobilisation, Lymphologische Entstauungstherapie, Beratung zur Ergonomie und Pr\u00e4vention, geeigneten Dehnungen und \u00dcbungen unterst\u00fctze ich Sie bei der Erreichung Ihrer Therapieziele.<\/p>\n<\/div>\n\n\n\n<div class=\"wp-block-column is-layout-flow wp-block-column-is-layout-flow\" style=\"flex-basis:33%\">\n<div style=\"height:100px\" aria-hidden=\"true\" class=\"wp-block-spacer\"><\/div>\n\n\n\n<figure class=\"wp-block-image size-large\"><img loading=\"lazy\" decoding=\"async\" width=\"912\" height=\"1024\" src=\"https:\/\/www.physiopraxis-ingegeel.ch\/site\/wp-content\/uploads\/2022\/06\/inge_hochformat-912x1024.jpg\" alt=\"\" class=\"wp-image-89\" srcset=\"https:\/\/www.physiopraxis-ingegeel.ch\/site\/wp-content\/uploads\/2022\/06\/inge_hochformat-912x1024.jpg 912w, https:\/\/www.physiopraxis-ingegeel.ch\/site\/wp-content\/uploads\/2022\/06\/inge_hochformat-267x300.jpg 267w, https:\/\/www.physiopraxis-ingegeel.ch\/site\/wp-content\/uploads\/2022\/06\/inge_hochformat-768x862.jpg 768w, https:\/\/www.physiopraxis-ingegeel.ch\/site\/wp-content\/uploads\/2022\/06\/inge_hochformat.jpg 1344w\" sizes=\"auto, (max-width: 912px) 100vw, 912px\" \/><figcaption class=\"wp-element-caption\">Inge Geel<\/figcaption><\/figure>\n<\/div>\n\n\n\n<div class=\"wp-block-column is-layout-flow wp-block-column-is-layout-flow\" style=\"flex-basis:33.62%\">\n<figure class=\"wp-block-image size-large has-custom-border\"><img loading=\"lazy\" decoding=\"async\" width=\"1024\" height=\"613\" src=\"https:\/\/www.physiopraxis-ingegeel.ch\/site\/wp-content\/uploads\/2022\/06\/shutterstock_1192496641-scaled-e1655736749746-1024x613.jpg\" alt=\"\" class=\"wp-image-80\" style=\"border-radius:0px\" srcset=\"https:\/\/www.physiopraxis-ingegeel.ch\/site\/wp-content\/uploads\/2022\/06\/shutterstock_1192496641-scaled-e1655736749746-1024x613.jpg 1024w, https:\/\/www.physiopraxis-ingegeel.ch\/site\/wp-content\/uploads\/2022\/06\/shutterstock_1192496641-scaled-e1655736749746-300x179.jpg 300w, https:\/\/www.physiopraxis-ingegeel.ch\/site\/wp-content\/uploads\/2022\/06\/shutterstock_1192496641-scaled-e1655736749746-768x459.jpg 768w, https:\/\/www.physiopraxis-ingegeel.ch\/site\/wp-content\/uploads\/2022\/06\/shutterstock_1192496641-scaled-e1655736749746-1536x919.jpg 1536w, https:\/\/www.physiopraxis-ingegeel.ch\/site\/wp-content\/uploads\/2022\/06\/shutterstock_1192496641-scaled-e1655736749746.jpg 1625w\" sizes=\"auto, (max-width: 1024px) 100vw, 1024px\" \/><\/figure>\n<\/div>\n<\/div>\n\n\n\n<div class=\"wp-block-columns alignwide has-green-background-color has-background is-layout-flex wp-container-core-columns-is-layout-28f84493 wp-block-columns-is-layout-flex\">\n<div class=\"wp-block-column is-layout-flow wp-block-column-is-layout-flow\" style=\"flex-basis:67%\">\n<figure class=\"wp-block-image alignright size-large\"><img loading=\"lazy\" decoding=\"async\" width=\"1024\" height=\"683\" src=\"https:\/\/www.physiopraxis-ingegeel.ch\/site\/wp-content\/uploads\/2022\/06\/shutterstock_346623602-1024x683.jpg\" alt=\"\" class=\"wp-image-79\" srcset=\"https:\/\/www.physiopraxis-ingegeel.ch\/site\/wp-content\/uploads\/2022\/06\/shutterstock_346623602-1024x683.jpg 1024w, https:\/\/www.physiopraxis-ingegeel.ch\/site\/wp-content\/uploads\/2022\/06\/shutterstock_346623602-300x200.jpg 300w, https:\/\/www.physiopraxis-ingegeel.ch\/site\/wp-content\/uploads\/2022\/06\/shutterstock_346623602-768x512.jpg 768w, https:\/\/www.physiopraxis-ingegeel.ch\/site\/wp-content\/uploads\/2022\/06\/shutterstock_346623602-1536x1024.jpg 1536w, https:\/\/www.physiopraxis-ingegeel.ch\/site\/wp-content\/uploads\/2022\/06\/shutterstock_346623602-2048x1365.jpg 2048w\" sizes=\"auto, (max-width: 1024px) 100vw, 1024px\" \/><\/figure>\n<\/div>\n\n\n\n<div class=\"wp-block-column is-vertically-aligned-center is-layout-flow wp-block-column-is-layout-flow\" style=\"flex-basis:33%\">\n<p>Die Physiopraxis bietet:<\/p>\n\n\n\n<ul class=\"wp-block-list\">\n<li>Angenehm grosse R\u00e4umlichkeiten<\/li>\n\n\n\n<li>Parkpl\u00e4tze direkt neben der Praxis&nbsp;<\/li>\n\n\n\n<li>10 Min. Fussweg ab Bahnhof Uster<\/li>\n\n\n\n<li>Sprachen: Deutsch, Niederl\u00e4ndisch, Englisch<\/li>\n<\/ul>\n<\/div>\n<\/div>\n\n\n\n<div class=\"wp-block-columns alignwide is-layout-flex wp-container-core-columns-is-layout-28f84493 wp-block-columns-is-layout-flex\">\n<div class=\"wp-block-column is-layout-flow wp-block-column-is-layout-flow\" style=\"flex-basis:67%\">\n<p>Physiotherapie wird Ihnen in der Regel vom Arzt verschrieben. In diesem Fall werden die erbrachten Leistungen von Ihrer Krankenkasse, Unfallversicherung, der IV oder von anderen Versicherungen \u00fcbernommen.<\/p>\n<\/div>\n\n\n\n<div class=\"wp-block-column is-vertically-aligned-center is-layout-flow wp-block-column-is-layout-flow\" style=\"flex-basis:33%\">\n<p>Ohne \u00e4rztliche Verordnung verrechne ich f\u00fcr <br>30 Min. Behandlung CHF 70.-, f\u00fcr 45 Min. CHF 110.- und f\u00fcr<br>60 Min. Behandlung CHF 140.-.<\/p>\n<\/div>\n<\/div>\n<\/div>\n\n\n\n<div class=\"wp-block-columns alignwide is-layout-flex wp-container-core-columns-is-layout-28f84493 wp-block-columns-is-layout-flex\">\n<div class=\"wp-block-column is-layout-flow wp-block-column-is-layout-flow\">\n<hr class=\"wp-block-separator has-css-opacity is-style-wide\"\/>\n\n\n\n<h3 class=\"wp-block-heading has-x-large-font-size\" id=\"pigeon\">Adresse:<\/h3>\n\n\n\n<p>Physiopraxis Inge Geel<br>Florastrasse 34a<br>8610 Uster<\/p>\n\n\n\n<div style=\"height:16px\" aria-hidden=\"true\" class=\"wp-block-spacer\"><\/div>\n<\/div>\n\n\n\n<div class=\"wp-block-column is-layout-flow wp-block-column-is-layout-flow\">\n<hr class=\"wp-block-separator has-css-opacity is-style-wide\"\/>\n\n\n\n<h3 class=\"wp-block-heading has-x-large-font-size\" id=\"sparrow\"><meta charset=\"utf-8\">Anmeldung<\/h3>\n\n\n\n<p>Tel. : 077 463 39 10<\/p>\n\n\n\n<p>Mail: <br><a href=\"mailto:ingegeel@hin.ch\">ingegeel@hin.ch<\/a><br><a href=\"mailto:i.geel@physiopraxis-ingegeel.ch\">i.geel@physiopraxis-ingegeel.ch<\/a><\/p>\n\n\n\n<div style=\"height:16px\" aria-hidden=\"true\" class=\"wp-block-spacer\"><\/div>\n<\/div>\n\n\n\n<div class=\"wp-block-column is-layout-flow wp-block-column-is-layout-flow\">\n<hr class=\"wp-block-separator has-css-opacity is-style-wide\"\/>\n\n\n\n<h3 class=\"wp-block-heading has-x-large-font-size\" id=\"falcon\"><meta charset=\"utf-8\"><a href=\"https:\/\/www.physiopraxis-ingegeel.ch\/site\/kontakt\/\" data-type=\"page\" data-id=\"24\">Kontaktformular<\/a><\/h3>\n\n\n\n<p><\/p>\n\n\n\n<div style=\"height:16px\" aria-hidden=\"true\" class=\"wp-block-spacer\"><\/div>\n<\/div>\n<\/div>\n","protected":false},"excerpt":{"rendered":"<p>Dies ist meine Passion. Gerne unterst\u00fctze ich Sie bei der Behandlung von Lymph\u00f6deme, Narben, bei Funktionsst\u00f6rungen am Bewegungsapparat, sowohl pr\u00e4- wie auch postoperativ, und bei chronischen Beschwerden. Mit meiner langj\u00e4hrigen Erfahrung und fachlicher Kompetenz in Faszien Techniken, Narbentherapie, manueller Mobilisation, Lymphologische Entstauungstherapie, Beratung zur Ergonomie und Pr\u00e4vention, geeigneten Dehnungen und \u00dcbungen unterst\u00fctze ich Sie bei [&hellip;]<\/p>\n","protected":false},"author":1,"featured_media":0,"parent":0,"menu_order":0,"comment_status":"closed","ping_status":"closed","template":"","meta":{"footnotes":""},"class_list":["post-10","page","type-page","status-publish","hentry"],"aioseo_notices":[],"_links":{"self":[{"href":"https:\/\/www.physiopraxis-ingegeel.ch\/site\/wp-json\/wp\/v2\/pages\/10","targetHints":{"allow":["GET"]}}],"collection":[{"href":"https:\/\/www.physiopraxis-ingegeel.ch\/site\/wp-json\/wp\/v2\/pages"}],"about":[{"href":"https:\/\/www.physiopraxis-ingegeel.ch\/site\/wp-json\/wp\/v2\/types\/page"}],"author":[{"embeddable":true,"href":"https:\/\/www.physiopraxis-ingegeel.ch\/site\/wp-json\/wp\/v2\/users\/1"}],"replies":[{"embeddable":true,"href":"https:\/\/www.physiopraxis-ingegeel.ch\/site\/wp-json\/wp\/v2\/comments?post=10"}],"version-history":[{"count":39,"href":"https:\/\/www.physiopraxis-ingegeel.ch\/site\/wp-json\/wp\/v2\/pages\/10\/revisions"}],"predecessor-version":[{"id":127,"href":"https:\/\/www.physiopraxis-ingegeel.ch\/site\/wp-json\/wp\/v2\/pages\/10\/revisions\/127"}],"wp:attachment":[{"href":"https:\/\/www.physiopraxis-ingegeel.ch\/site\/wp-json\/wp\/v2\/media?parent=10"}],"curies":[{"name":"wp","href":"https:\/\/api.w.org\/{rel}","templated":true}]}}